{"id":6,"date":"2016-02-24T21:23:40","date_gmt":"2016-02-24T21:23:40","guid":{"rendered":"http:\/\/idt-wdi.ca\/?page_id=6"},"modified":"2016-02-24T22:50:15","modified_gmt":"2016-02-24T22:50:15","slug":"wdi-idt-home","status":"publish","type":"page","link":"https:\/\/idt-wdi.ca\/","title":{"rendered":"ACCUEIL IDT-WDI"},"content":{"rendered":"<p><strong>Participer \u00e0 l\u2019effort pour offrir un choix de travailleur \u00e9clair\u00e9 dans les milieux de travail canadiens<\/strong><\/p>\n<p>Les recherches men\u00e9es par le Congr\u00e8s du travail du Canada, L\u00e9ger et Nanos d\u00e9montrent clairement que les opinions des Canadiens sur les syndicats ne sont pas refl\u00e9t\u00e9es dans les lois de l\u2019imp\u00f4t et du travail du Canada. Aucun autre pays ne permet plus aux dirigeants syndicaux de fonctionner comme ils le font au Canada.<\/p>\n<p>Les dirigeants syndicaux canadiens ont un certain nombre de pouvoirs et de privil\u00e8ges que leurs homologues ailleurs dans le monde n\u2019ont jamais eu ou n\u2019ont plus. Le programme syndical canadien est d\u00e9phas\u00e9 par rapport aux autres pays d\u00e9velopp\u00e9s. Les travailleurs canadiens doivent \u00eatre en mesure de faire des choix vraiment libres et \u00e9clair\u00e9s. Ils ont besoin d\u2019une meilleure protection contre les dirigeants syndicaux.<\/p>\n<p>La politique publique canadienne est influenc\u00e9e ind\u00fbment, et de fa\u00e7on inappropri\u00e9e, par des cotisations syndicales d\u00e9ductibles provenant des employ\u00e9s qui peuvent \u00eatre renvoy\u00e9s pour non-paiement des opinions politiques et sociales d\u2019un dirigeant syndical. Les Canadiens non syndiqu\u00e9s et syndiqu\u00e9s sont contre le syst\u00e8me actuel. L\u2019\u00e9conomie du Canada et la vie de la majorit\u00e9 des canadiens sont touch\u00e9es n\u00e9gativement par l\u2019impact des dirigeants syndicaux.<\/p>\n<p>L\u2019Institut pour la d\u00e9mocratie au travail du Canada a \u00e9t\u00e9 cr\u00e9\u00e9 pour \u00eatre une voix pour le changement \u2013 une voix pour le respect des travailleurs canadiens, qui sont syndiqu\u00e9s, qui envisagent la syndicalisation ou qui sont contre la syndicalisation.<\/p>\n<p>&nbsp;<\/p>\n","protected":false},"excerpt":{"rendered":"<p>Participer \u00e0 l\u2019effort pour offrir un choix de travailleur \u00e9clair\u00e9 dans les milieux de travail canadiens Les recherches men\u00e9es par le Congr\u00e8s du travail du Canada, L\u00e9ger et Nanos d\u00e9montrent clairement que les opinions des Canadiens sur les syndicats ne sont pas refl\u00e9t\u00e9es dans les lois de l\u2019imp\u00f4t et du travail du Canada. Aucun autre<\/p>\n","protected":false},"author":1,"featured_media":0,"parent":0,"menu_order":0,"comment_status":"closed","ping_status":"closed","template":"","meta":[],"_links":{"self":[{"href":"https:\/\/idt-wdi.ca\/index.php?rest_route=\/wp\/v2\/pages\/6"}],"collection":[{"href":"https:\/\/idt-wdi.ca\/index.php?rest_route=\/wp\/v2\/pages"}],"about":[{"href":"https:\/\/idt-wdi.ca\/index.php?rest_route=\/wp\/v2\/types\/page"}],"author":[{"embeddable":true,"href":"https:\/\/idt-wdi.ca\/index.php?rest_route=\/wp\/v2\/users\/1"}],"replies":[{"embeddable":true,"href":"https:\/\/idt-wdi.ca\/index.php?rest_route=%2Fwp%2Fv2%2Fcomments&post=6"}],"version-history":[{"count":4,"href":"https:\/\/idt-wdi.ca\/index.php?rest_route=\/wp\/v2\/pages\/6\/revisions"}],"predecessor-version":[{"id":54,"href":"https:\/\/idt-wdi.ca\/index.php?rest_route=\/wp\/v2\/pages\/6\/revisions\/54"}],"wp:attachment":[{"href":"https:\/\/idt-wdi.ca\/index.php?rest_route=%2Fwp%2Fv2%2Fmedia&parent=6"}],"curies":[{"name":"wp","href":"https:\/\/api.w.org\/{rel}","templated":true}]}}